{"id":261,"date":"2021-11-12T14:42:44","date_gmt":"2021-11-12T17:42:44","guid":{"rendered":"http:\/\/integra-negocios.com\/?page_id=261"},"modified":"2021-11-13T16:23:23","modified_gmt":"2021-11-13T19:23:23","slug":"directorio-bajo-la-lupa","status":"publish","type":"page","link":"https:\/\/integra-negocios.com\/es\/directorio-bajo-la-lupa\/","title":{"rendered":"Directorio bajo la Lupa"},"content":{"rendered":"\n<p>El embate de la ANSeS reavivi\u00f3 el planteo sobre su funci\u00f3n en las empresas. Por qu\u00e9 en esas mesas se dirimen batallas y se sell\u2026<\/p>\n","protected":false},"excerpt":{"rendered":"<p>http:\/\/integra-negocios.com\/wp-content\/uploads\/2016\/05\/Directorios-bajo-la-lupa-Revista-Apertura-Agosto-2011.pdf<\/p>\n","protected":false},"author":1,"featured_media":262,"parent":0,"menu_order":0,"comment_status":"closed","ping_status":"closed","template":"","meta":{"footnotes":""},"tags":[5],"class_list":["post-261","page","type-page","status-publish","has-post-thumbnail","hentry","tag-publicaciones","clearfix"],"aioseo_notices":[],"_links":{"self":[{"href":"https:\/\/integra-negocios.com\/es\/wp-json\/wp\/v2\/pages\/261","targetHints":{"allow":["GET"]}}],"collection":[{"href":"https:\/\/integra-negocios.com\/es\/wp-json\/wp\/v2\/pages"}],"about":[{"href":"https:\/\/integra-negocios.com\/es\/wp-json\/wp\/v2\/types\/page"}],"author":[{"embeddable":true,"href":"https:\/\/integra-negocios.com\/es\/wp-json\/wp\/v2\/users\/1"}],"replies":[{"embeddable":true,"href":"https:\/\/integra-negocios.com\/es\/wp-json\/wp\/v2\/comments?post=261"}],"version-history":[{"count":2,"href":"https:\/\/integra-negocios.com\/es\/wp-json\/wp\/v2\/pages\/261\/revisions"}],"predecessor-version":[{"id":280,"href":"https:\/\/integra-negocios.com\/es\/wp-json\/wp\/v2\/pages\/261\/revisions\/280"}],"wp:featuredmedia":[{"embeddable":true,"href":"https:\/\/integra-negocios.com\/es\/wp-json\/wp\/v2\/media\/262"}],"wp:attachment":[{"href":"https:\/\/integra-negocios.com\/es\/wp-json\/wp\/v2\/media?parent=261"}],"wp:term":[{"taxonomy":"post_tag","embeddable":true,"href":"https:\/\/integra-negocios.com\/es\/wp-json\/wp\/v2\/tags?post=261"}],"curies":[{"name":"wp","href":"https:\/\/api.w.org\/{rel}","templated":true}]}}