{"id":165,"date":"2021-09-29T11:04:31","date_gmt":"2021-09-29T14:04:31","guid":{"rendered":"http:\/\/integra-negocios.com\/?page_id=165"},"modified":"2022-03-10T16:03:32","modified_gmt":"2022-03-10T19:03:32","slug":"carlos-guilarte","status":"publish","type":"page","link":"https:\/\/integra-negocios.com\/pt\/carlos-guilarte\/","title":{"rendered":"Luis Urriza"},"content":{"rendered":"<p>Especializado em Agroneg\u00f3cios. Dirigiu projetos na Am\u00e9rica Latina e Europa. Ex-Subsecret\u00e1rio de Agricultura da Na\u00e7\u00e3o (2015-2019).<\/p>","protected":false},"excerpt":{"rendered":"<p>Diretor da \u00c1rea de Agroneg\u00f3cios<\/p>","protected":false},"author":1,"featured_media":70,"parent":0,"menu_order":0,"comment_status":"closed","ping_status":"closed","template":"","meta":{"footnotes":""},"tags":[3],"class_list":["post-165","page","type-page","status-publish","has-post-thumbnail","hentry","tag-quienessomos","clearfix"],"aioseo_notices":[],"_links":{"self":[{"href":"https:\/\/integra-negocios.com\/pt\/wp-json\/wp\/v2\/pages\/165","targetHints":{"allow":["GET"]}}],"collection":[{"href":"https:\/\/integra-negocios.com\/pt\/wp-json\/wp\/v2\/pages"}],"about":[{"href":"https:\/\/integra-negocios.com\/pt\/wp-json\/wp\/v2\/types\/page"}],"author":[{"embeddable":true,"href":"https:\/\/integra-negocios.com\/pt\/wp-json\/wp\/v2\/users\/1"}],"replies":[{"embeddable":true,"href":"https:\/\/integra-negocios.com\/pt\/wp-json\/wp\/v2\/comments?post=165"}],"version-history":[{"count":7,"href":"https:\/\/integra-negocios.com\/pt\/wp-json\/wp\/v2\/pages\/165\/revisions"}],"predecessor-version":[{"id":507,"href":"https:\/\/integra-negocios.com\/pt\/wp-json\/wp\/v2\/pages\/165\/revisions\/507"}],"wp:featuredmedia":[{"embeddable":true,"href":"https:\/\/integra-negocios.com\/pt\/wp-json\/wp\/v2\/media\/70"}],"wp:attachment":[{"href":"https:\/\/integra-negocios.com\/pt\/wp-json\/wp\/v2\/media?parent=165"}],"wp:term":[{"taxonomy":"post_tag","embeddable":true,"href":"https:\/\/integra-negocios.com\/pt\/wp-json\/wp\/v2\/tags?post=165"}],"curies":[{"name":"wp","href":"https:\/\/api.w.org\/{rel}","templated":true}]}}