{"id":240,"date":"2021-11-12T11:33:25","date_gmt":"2021-11-12T14:33:25","guid":{"rendered":"http:\/\/integra-negocios.com\/?page_id=240"},"modified":"2021-11-12T11:41:13","modified_gmt":"2021-11-12T14:41:13","slug":"publicaciones","status":"publish","type":"page","link":"https:\/\/integra-negocios.com\/pt\/publicaciones\/","title":{"rendered":"Publica\u00e7\u00f5es"},"content":{"rendered":"<p>Nossas publica\u00e7\u00f5es s\u00e3o o ponto de encontro onde compartilhamos nossas vis\u00f5es sobre crises, incertezas e a necessidade de planejamento estrat\u00e9gico para reduzir riscos diante da adversidade. Veja as notas abaixo.<\/p>","protected":false},"excerpt":{"rendered":"<p>Nuestras publicaciones son el punto de encuentro en el cual damos a conocer nuestra visi\u00f3n sobre las cr\u00edsis, incertidumbre y la necesidad de un planeamientro estrat\u00e9gico para reducir riesgos frente&hellip; <\/p>","protected":false},"author":1,"featured_media":0,"parent":0,"menu_order":0,"comment_status":"closed","ping_status":"closed","template":"","meta":{"footnotes":""},"tags":[],"class_list":["post-240","page","type-page","status-publish","hentry","clearfix"],"aioseo_notices":[],"_links":{"self":[{"href":"https:\/\/integra-negocios.com\/pt\/wp-json\/wp\/v2\/pages\/240","targetHints":{"allow":["GET"]}}],"collection":[{"href":"https:\/\/integra-negocios.com\/pt\/wp-json\/wp\/v2\/pages"}],"about":[{"href":"https:\/\/integra-negocios.com\/pt\/wp-json\/wp\/v2\/types\/page"}],"author":[{"embeddable":true,"href":"https:\/\/integra-negocios.com\/pt\/wp-json\/wp\/v2\/users\/1"}],"replies":[{"embeddable":true,"href":"https:\/\/integra-negocios.com\/pt\/wp-json\/wp\/v2\/comments?post=240"}],"version-history":[{"count":2,"href":"https:\/\/integra-negocios.com\/pt\/wp-json\/wp\/v2\/pages\/240\/revisions"}],"predecessor-version":[{"id":244,"href":"https:\/\/integra-negocios.com\/pt\/wp-json\/wp\/v2\/pages\/240\/revisions\/244"}],"wp:attachment":[{"href":"https:\/\/integra-negocios.com\/pt\/wp-json\/wp\/v2\/media?parent=240"}],"wp:term":[{"taxonomy":"post_tag","embeddable":true,"href":"https:\/\/integra-negocios.com\/pt\/wp-json\/wp\/v2\/tags?post=240"}],"curies":[{"name":"wp","href":"https:\/\/api.w.org\/{rel}","templated":true}]}}